{"id":7009,"date":"2020-03-02T14:29:55","date_gmt":"2020-03-02T13:29:55","guid":{"rendered":"https:\/\/stepup-sprachschule.com\/\u202f--skip-columns=guid?page_id=7009"},"modified":"2021-03-18T12:58:34","modified_gmt":"2021-03-18T11:58:34","slug":"ueber-uns","status":"publish","type":"page","link":"https:\/\/stepup-sprachschule.com\/en\/ueber-uns\/","title":{"rendered":"The Language School"},"content":{"rendered":"<style type=\"text\/css\"> \n#cmsmasters_row_69d781207269e9_95739832 .cmsmasters_row_outer_parent { \n\tpadding-top: 50px; \n} \n\n#cmsmasters_row_69d781207269e9_95739832 .cmsmasters_row_outer_parent { \n\tpadding-bottom: 50px; \n} \n\n \n#cmsmasters_heading_69d78120728179_87085436 { \n\ttext-align:left; \n\tmargin-top:0px; \n\tmargin-bottom:20px; \n} \n\n#cmsmasters_heading_69d78120728179_87085436 .cmsmasters_heading { \n\ttext-align:left; \n} \n\n#cmsmasters_heading_69d78120728179_87085436 .cmsmasters_heading, #cmsmasters_heading_69d78120728179_87085436 .cmsmasters_heading a { \n\tfont-weight:normal; \n\tfont-style:normal; \n} \n\n#cmsmasters_heading_69d78120728179_87085436 .cmsmasters_heading_divider { \n} \n\n \n#cmsmasters_heading_69d78120728e32_30454546 { \n\ttext-align:left; \n\tmargin-top:0px; \n\tmargin-bottom:20px; \n} \n\n#cmsmasters_heading_69d78120728e32_30454546 .cmsmasters_heading { \n\ttext-align:left; \n} \n\n#cmsmasters_heading_69d78120728e32_30454546 .cmsmasters_heading, #cmsmasters_heading_69d78120728e32_30454546 .cmsmasters_heading a { \n\tfont-weight:normal; \n\tfont-style:normal; \n} \n\n#cmsmasters_heading_69d78120728e32_30454546 .cmsmasters_heading_divider { \n} \n\n \n#cmsmasters_heading_69d78120729f89_76512139 { \n\ttext-align:left; \n\tmargin-top:0px; \n\tmargin-bottom:20px; \n} \n\n#cmsmasters_heading_69d78120729f89_76512139 .cmsmasters_heading { \n\ttext-align:left; \n} \n\n#cmsmasters_heading_69d78120729f89_76512139 .cmsmasters_heading, #cmsmasters_heading_69d78120729f89_76512139 .cmsmasters_heading a { \n\tfont-weight:normal; \n\tfont-style:normal; \n} \n\n#cmsmasters_heading_69d78120729f89_76512139 .cmsmasters_heading_divider { \n} \n\n \n#cmsmasters_heading_69d7812072a304_89373762 { \n\ttext-align:left; \n\tmargin-top:0px; \n\tmargin-bottom:20px; \n} \n\n#cmsmasters_heading_69d7812072a304_89373762 .cmsmasters_heading { \n\ttext-align:left; \n} \n\n#cmsmasters_heading_69d7812072a304_89373762 .cmsmasters_heading, #cmsmasters_heading_69d7812072a304_89373762 .cmsmasters_heading a { \n\tfont-weight:normal; \n\tfont-style:normal; \n} \n\n#cmsmasters_heading_69d7812072a304_89373762 .cmsmasters_heading_divider { \n} \n\n #cmsmasters_icon_list_items_69d7812072a561_21082185 { \n\tpadding-left:48px; \n} \n\n#cmsmasters_icon_list_items_69d7812072a561_21082185 .cmsmasters_icon_list_item:before { \n\tfont-size:28px; \n\tleft:-48px; \n} \n\n.cmsmasters_icon_list_items #cmsmasters_icon_list_item_69d7812072b0f5_97129966:before { \n\tcolor:#01a2a6;\n} \n\n.cmsmasters_icon_list_items #cmsmasters_icon_list_item_69d7812072b2b5_97385762:before { \n\tcolor:#01a2a6;\n} \n\n.cmsmasters_icon_list_items #cmsmasters_icon_list_item_69d7812072b3f6_02027146:before { \n\tcolor:#01a2a6;\n} \n\n.cmsmasters_icon_list_items #cmsmasters_icon_list_item_69d7812072b5c1_01531597:before { \n\tcolor:#01a2a6;\n} \n\n.cmsmasters_icon_list_items #cmsmasters_icon_list_item_69d7812072b6f1_86744892:before { \n\tcolor:#01a2a6;\n} \n\n.cmsmasters_icon_list_items #cmsmasters_icon_list_item_69d7812072b809_31861482:before { \n\tcolor:#01a2a6;\n} \n\n.cmsmasters_icon_list_items #cmsmasters_icon_list_item_69d7812072b950_79162295:before { \n\tcolor:#01a2a6;\n} \n \n#cmsmasters_row_69d7812072bda1_20064342 .cmsmasters_row_outer_parent { \n\tpadding-top: 0px; \n} \n\n#cmsmasters_row_69d7812072bda1_20064342 .cmsmasters_row_outer_parent { \n\tpadding-bottom: 50px; \n} \n\n<\/style><div id=\"cmsmasters_row_69d781207269e9_95739832\" class=\"cmsmasters_row cmsmasters_color_scheme_default cmsmasters_row_top_default cmsmasters_row_bot_default cmsmasters_row_boxed\">\n<div class=\"cmsmasters_row_outer_parent\">\n<div class=\"cmsmasters_row_outer\">\n<div class=\"cmsmasters_row_inner\">\n<div class=\"cmsmasters_row_margin\">\n<div class=\"cmsmasters_column one_third\">\n\n<div id=\"cmsmasters_heading_69d78120728179_87085436\" class=\"cmsmasters_heading_wrap cmsmasters_heading_align_left\">\n\t<h2 class=\"cmsmasters_heading\">Our offer<\/h2>\n<\/div><div class=\"cmsmasters_text\">\n<p>Step up offers decades of teaching experience and guarantees language tuition at the highest level, taking into account your personal wishes.<\/p>\n<p>Our professional in-company and online lessons are individually tailored to the company.<\/p>\n<p>The language courses and tutoring for pupils and based on the curricula in NRW.<\/p>\n<p>We also offer professional translation and interpreting services.<\/p>\n<p><strong>Our team of native-speaking, trained teachers is responsible for your language instruction. They speak in the target language from the beginning of the course.<\/strong><\/p>\n<\/div>\n<\/div>\n<div class=\"cmsmasters_column one_third\">\n\n<div id=\"cmsmasters_heading_69d78120728e32_30454546\" class=\"cmsmasters_heading_wrap cmsmasters_heading_align_left\">\n\t<h2 class=\"cmsmasters_heading\">Our service to you<\/h2>\n<\/div><div class=\"cmsmasters_text\">\n<p>You will receive the best possible tuition through intensive coaching right from the start:<\/p>\n<p>-placement test<\/p>\n<p>-consultation meeting<\/p>\n<p>-test lesson<\/p>\n<p>-Feedback during the full course<\/p>\n<p>-Easy change from individual to group lessons and vice versa.<\/p>\n<\/div>\n<\/div>\n<div class=\"cmsmasters_column one_third\">\n\n<div id=\"cmsmasters_heading_69d78120729f89_76512139\" class=\"cmsmasters_heading_wrap cmsmasters_heading_align_left\">\n\t<h2 class=\"cmsmasters_heading\">The languages<\/h2>\n<\/div><div class=\"cmsmasters_text\">\n<p>We offer language courses in all European languages as well as in Chinese, Japanese and Arabic. You can choose between one-to-one and group lessons.<\/p>\n<\/div>\n\n<div id=\"cmsmasters_heading_69d7812072a304_89373762\" class=\"cmsmasters_heading_wrap cmsmasters_heading_align_left\">\n\t<h4 class=\"cmsmasters_heading\">The languages include:<\/h4>\n<\/div> \n<ul id=\"cmsmasters_icon_list_items_69d7812072a561_21082185\" class=\"cmsmasters_icon_list_items cmsmasters_icon_list_type_list cmsmasters_icon_list_pos_left cmsmasters_color_type_border\"><li id=\"cmsmasters_icon_list_item_69d7812072b0f5_97129966\" class=\"cmsmasters_icon_list_item cmsmasters-icon-check-1\">German<\/li><li id=\"cmsmasters_icon_list_item_69d7812072b2b5_97385762\" class=\"cmsmasters_icon_list_item cmsmasters-icon-check-1\">English<\/li><li id=\"cmsmasters_icon_list_item_69d7812072b3f6_02027146\" class=\"cmsmasters_icon_list_item cmsmasters-icon-check-1\">Spanish<\/li><li id=\"cmsmasters_icon_list_item_69d7812072b5c1_01531597\" class=\"cmsmasters_icon_list_item cmsmasters-icon-check-1\">French<\/li><li id=\"cmsmasters_icon_list_item_69d7812072b6f1_86744892\" class=\"cmsmasters_icon_list_item cmsmasters-icon-check-1\">Italian<\/li><li id=\"cmsmasters_icon_list_item_69d7812072b809_31861482\" class=\"cmsmasters_icon_list_item cmsmasters-icon-check-1\">Russian<\/li><li id=\"cmsmasters_icon_list_item_69d7812072b950_79162295\" class=\"cmsmasters_icon_list_item cmsmasters-icon-check-1\">Chinese<\/li><\/ul>\n<\/div>\n<\/div>\n<\/div>\n<\/div>\n<\/div>\n<\/div>\n<div id=\"cmsmasters_row_69d7812072bda1_20064342\" class=\"cmsmasters_row cmsmasters_color_scheme_default cmsmasters_row_top_default cmsmasters_row_bot_default cmsmasters_row_boxed\">\n<div class=\"cmsmasters_row_outer_parent\">\n<div class=\"cmsmasters_row_outer\">\n<div class=\"cmsmasters_row_inner\">\n<div class=\"cmsmasters_row_margin\">\n<div class=\"cmsmasters_column one_first\">\n<\/div>\n<\/div>\n<\/div>\n<\/div>\n<\/div>\n<\/div>","protected":false},"excerpt":{"rendered":"","protected":false},"author":1,"featured_media":0,"parent":0,"menu_order":0,"comment_status":"closed","ping_status":"closed","template":"","meta":{"footnotes":""},"class_list":["post-7009","page","type-page","status-publish","hentry"],"yoast_head":"<!-- This site is optimized with the Yoast SEO plugin v23.0 - https:\/\/yoast.com\/wordpress\/plugins\/seo\/ -->\n<title>Die Sprachschule - Stepup Sprachschule<\/title>\n<meta name=\"description\" content=\"Step up Sprachschule bietet jahrzehntelange Unterrichtserfahrung und garantiert Sprachunterricht auf h\u00f6chstem Niveau unter Ber\u00fccksichtigung Ihrer pers\u00f6nlichen W\u00fcnsche.\" \/>\n<meta name=\"robots\" content=\"index, follow, max-snippet:-1, max-image-preview:large, max-video-preview:-1\" \/>\n<link rel=\"canonical\" href=\"https:\/\/stepup-sprachschule.com\/en\/ueber-uns\/\" \/>\n<meta property=\"og:locale\" content=\"en_GB\" \/>\n<meta property=\"og:type\" content=\"article\" \/>\n<meta property=\"og:title\" content=\"Die Sprachschule - Stepup Sprachschule\" \/>\n<meta property=\"og:description\" content=\"Step up Sprachschule bietet jahrzehntelange Unterrichtserfahrung und garantiert Sprachunterricht auf h\u00f6chstem Niveau unter Ber\u00fccksichtigung Ihrer pers\u00f6nlichen W\u00fcnsche.\" \/>\n<meta property=\"og:url\" content=\"https:\/\/stepup-sprachschule.com\/en\/ueber-uns\/\" \/>\n<meta property=\"og:site_name\" content=\"Stepup Sprachschule\" \/>\n<meta property=\"article:modified_time\" content=\"2021-03-18T11:58:34+00:00\" \/>\n<meta name=\"twitter:card\" content=\"summary_large_image\" \/>\n<meta name=\"twitter:label1\" content=\"Estimated reading time\" \/>\n\t<meta name=\"twitter:data1\" content=\"3 minutes\" \/>\n<script type=\"application\/ld+json\" class=\"yoast-schema-graph\">{\"@context\":\"https:\/\/schema.org\",\"@graph\":[{\"@type\":\"WebPage\",\"@id\":\"https:\/\/stepup-sprachschule.com\/ueber-uns\/\",\"url\":\"https:\/\/stepup-sprachschule.com\/ueber-uns\/\",\"name\":\"Die Sprachschule - Stepup Sprachschule\",\"isPartOf\":{\"@id\":\"https:\/\/stepup-sprachschule.com\/#website\"},\"datePublished\":\"2020-03-02T13:29:55+00:00\",\"dateModified\":\"2021-03-18T11:58:34+00:00\",\"description\":\"Step up Sprachschule bietet jahrzehntelange Unterrichtserfahrung und garantiert Sprachunterricht auf h\u00f6chstem Niveau unter Ber\u00fccksichtigung Ihrer pers\u00f6nlichen W\u00fcnsche.\",\"breadcrumb\":{\"@id\":\"https:\/\/stepup-sprachschule.com\/ueber-uns\/#breadcrumb\"},\"inLanguage\":\"en-GB\",\"potentialAction\":[{\"@type\":\"ReadAction\",\"target\":[\"https:\/\/stepup-sprachschule.com\/ueber-uns\/\"]}]},{\"@type\":\"BreadcrumbList\",\"@id\":\"https:\/\/stepup-sprachschule.com\/ueber-uns\/#breadcrumb\",\"itemListElement\":[{\"@type\":\"ListItem\",\"position\":1,\"name\":\"Home\",\"item\":\"https:\/\/stepup-sprachschule.com\/\"},{\"@type\":\"ListItem\",\"position\":2,\"name\":\"Die Sprachschule\"}]},{\"@type\":\"WebSite\",\"@id\":\"https:\/\/stepup-sprachschule.com\/#website\",\"url\":\"https:\/\/stepup-sprachschule.com\/\",\"name\":\"Stepup Sprachschule\",\"description\":\"Ihre Sprachschule f\u00fcr effektiven Lernerfolg!\",\"potentialAction\":[{\"@type\":\"SearchAction\",\"target\":{\"@type\":\"EntryPoint\",\"urlTemplate\":\"https:\/\/stepup-sprachschule.com\/?s={search_term_string}\"},\"query-input\":\"required name=search_term_string\"}],\"inLanguage\":\"en-GB\"}]}<\/script>\n<!-- \/ Yoast SEO plugin. -->","yoast_head_json":{"title":"Die Sprachschule - Stepup Sprachschule","description":"Step up Sprachschule bietet jahrzehntelange Unterrichtserfahrung und garantiert Sprachunterricht auf h\u00f6chstem Niveau unter Ber\u00fccksichtigung Ihrer pers\u00f6nlichen W\u00fcnsche.","robots":{"index":"index","follow":"follow","max-snippet":"max-snippet:-1","max-image-preview":"max-image-preview:large","max-video-preview":"max-video-preview:-1"},"canonical":"https:\/\/stepup-sprachschule.com\/en\/ueber-uns\/","og_locale":"en_GB","og_type":"article","og_title":"Die Sprachschule - Stepup Sprachschule","og_description":"Step up Sprachschule bietet jahrzehntelange Unterrichtserfahrung und garantiert Sprachunterricht auf h\u00f6chstem Niveau unter Ber\u00fccksichtigung Ihrer pers\u00f6nlichen W\u00fcnsche.","og_url":"https:\/\/stepup-sprachschule.com\/en\/ueber-uns\/","og_site_name":"Stepup Sprachschule","article_modified_time":"2021-03-18T11:58:34+00:00","twitter_card":"summary_large_image","twitter_misc":{"Estimated reading time":"3 minutes"},"schema":{"@context":"https:\/\/schema.org","@graph":[{"@type":"WebPage","@id":"https:\/\/stepup-sprachschule.com\/ueber-uns\/","url":"https:\/\/stepup-sprachschule.com\/ueber-uns\/","name":"Die Sprachschule - Stepup Sprachschule","isPartOf":{"@id":"https:\/\/stepup-sprachschule.com\/#website"},"datePublished":"2020-03-02T13:29:55+00:00","dateModified":"2021-03-18T11:58:34+00:00","description":"Step up Sprachschule bietet jahrzehntelange Unterrichtserfahrung und garantiert Sprachunterricht auf h\u00f6chstem Niveau unter Ber\u00fccksichtigung Ihrer pers\u00f6nlichen W\u00fcnsche.","breadcrumb":{"@id":"https:\/\/stepup-sprachschule.com\/ueber-uns\/#breadcrumb"},"inLanguage":"en-GB","potentialAction":[{"@type":"ReadAction","target":["https:\/\/stepup-sprachschule.com\/ueber-uns\/"]}]},{"@type":"BreadcrumbList","@id":"https:\/\/stepup-sprachschule.com\/ueber-uns\/#breadcrumb","itemListElement":[{"@type":"ListItem","position":1,"name":"Home","item":"https:\/\/stepup-sprachschule.com\/"},{"@type":"ListItem","position":2,"name":"Die Sprachschule"}]},{"@type":"WebSite","@id":"https:\/\/stepup-sprachschule.com\/#website","url":"https:\/\/stepup-sprachschule.com\/","name":"Stepup Sprachschule","description":"Ihre Sprachschule f\u00fcr effektiven Lernerfolg!","potentialAction":[{"@type":"SearchAction","target":{"@type":"EntryPoint","urlTemplate":"https:\/\/stepup-sprachschule.com\/?s={search_term_string}"},"query-input":"required name=search_term_string"}],"inLanguage":"en-GB"}]}},"_links":{"self":[{"href":"https:\/\/stepup-sprachschule.com\/en\/wp-json\/wp\/v2\/pages\/7009","targetHints":{"allow":["GET"]}}],"collection":[{"href":"https:\/\/stepup-sprachschule.com\/en\/wp-json\/wp\/v2\/pages"}],"about":[{"href":"https:\/\/stepup-sprachschule.com\/en\/wp-json\/wp\/v2\/types\/page"}],"author":[{"embeddable":true,"href":"https:\/\/stepup-sprachschule.com\/en\/wp-json\/wp\/v2\/users\/1"}],"replies":[{"embeddable":true,"href":"https:\/\/stepup-sprachschule.com\/en\/wp-json\/wp\/v2\/comments?post=7009"}],"version-history":[{"count":1,"href":"https:\/\/stepup-sprachschule.com\/en\/wp-json\/wp\/v2\/pages\/7009\/revisions"}],"predecessor-version":[{"id":7096,"href":"https:\/\/stepup-sprachschule.com\/en\/wp-json\/wp\/v2\/pages\/7009\/revisions\/7096"}],"wp:attachment":[{"href":"https:\/\/stepup-sprachschule.com\/en\/wp-json\/wp\/v2\/media?parent=7009"}],"curies":[{"name":"wp","href":"https:\/\/api.w.org\/{rel}","templated":true}]}}