{"id":6956,"date":"2020-02-20T16:44:56","date_gmt":"2020-02-20T15:44:56","guid":{"rendered":"https:\/\/stepup-sprachschule.com\/\u202f--skip-columns=guid?page_id=6956"},"modified":"2020-02-20T16:50:07","modified_gmt":"2020-02-20T15:50:07","slug":"impressum","status":"publish","type":"page","link":"https:\/\/stepup-sprachschule.com\/en\/impressum\/","title":{"rendered":"Impressum"},"content":{"rendered":"<style type=\"text\/css\"> \n#cmsmasters_row_69e15a775a26c1_54045092 .cmsmasters_row_outer_parent { \n\tpadding-top: 50px; \n} \n\n \n#cmsmasters_heading_69e15a775a3916_65953464 { \n\ttext-align:left; \n\tmargin-top:0px; \n\tmargin-bottom:20px; \n} \n\n#cmsmasters_heading_69e15a775a3916_65953464 .cmsmasters_heading { \n\ttext-align:left; \n} \n\n#cmsmasters_heading_69e15a775a3916_65953464 .cmsmasters_heading, #cmsmasters_heading_69e15a775a3916_65953464 .cmsmasters_heading a { \n\tfont-weight:normal; \n\tfont-style:normal; \n} \n\n#cmsmasters_heading_69e15a775a3916_65953464 .cmsmasters_heading_divider { \n} \n\n \n#cmsmasters_row_69e15a775a4546_09638778 .cmsmasters_row_outer_parent { \n\tpadding-top: 50px; \n} \n\n \n#cmsmasters_heading_69e15a775a5484_49140398 { \n\ttext-align:left; \n\tmargin-top:0px; \n\tmargin-bottom:20px; \n} \n\n#cmsmasters_heading_69e15a775a5484_49140398 .cmsmasters_heading { \n\ttext-align:left; \n} \n\n#cmsmasters_heading_69e15a775a5484_49140398 .cmsmasters_heading, #cmsmasters_heading_69e15a775a5484_49140398 .cmsmasters_heading a { \n\tfont-weight:normal; \n\tfont-style:normal; \n} \n\n#cmsmasters_heading_69e15a775a5484_49140398 .cmsmasters_heading_divider { \n} \n\n \n#cmsmasters_row_69e15a775a5b26_96471182 .cmsmasters_row_outer_parent { \n\tpadding-top: 50px; \n} \n\n#cmsmasters_row_69e15a775a5b26_96471182 .cmsmasters_row_outer_parent { \n\tpadding-bottom: 50px; \n} \n\n \n#cmsmasters_heading_69e15a775a6637_28574860 { \n\ttext-align:left; \n\tmargin-top:0px; \n\tmargin-bottom:20px; \n} \n\n#cmsmasters_heading_69e15a775a6637_28574860 .cmsmasters_heading { \n\ttext-align:left; \n} \n\n#cmsmasters_heading_69e15a775a6637_28574860 .cmsmasters_heading, #cmsmasters_heading_69e15a775a6637_28574860 .cmsmasters_heading a { \n\tfont-weight:normal; \n\tfont-style:normal; \n} \n\n#cmsmasters_heading_69e15a775a6637_28574860 .cmsmasters_heading_divider { \n} \n\n<\/style><div id=\"cmsmasters_row_69e15a775a26c1_54045092\" class=\"cmsmasters_row cmsmasters_color_scheme_default cmsmasters_row_top_default cmsmasters_row_bot_default cmsmasters_row_boxed\">\n<div class=\"cmsmasters_row_outer_parent\">\n<div class=\"cmsmasters_row_outer\">\n<div class=\"cmsmasters_row_inner\">\n<div class=\"cmsmasters_row_margin\">\n<div class=\"cmsmasters_column one_first\">\n\n<div id=\"cmsmasters_heading_69e15a775a3916_65953464\" class=\"cmsmasters_heading_wrap cmsmasters_heading_align_left\">\n\t<h2 class=\"cmsmasters_heading\">Herausgeber dieses Webangebotes<\/h2>\n<\/div><div class=\"cmsmasters_text\">\n<p>Step Up Sprachschule<\/p>\n<p>Konrad-Adenauer-Platz 19<br \/>\nDE-53225 Bonn<\/p>\n<p>Inhaberin: Marion Nachtsheim<\/p>\n<p>Telefon: +49 228 4224594<br \/>\nTelefax: +49 228 4225750<br \/>\nE-Mail: info@stepup-sprachschule.com<br \/>\nInternet: stepup-sprachschule.com<\/p>\n<p>Anfahrt: Einen detaillierten Anfahrtsplan erhalten Sie hier.<\/p>\n<\/div>\n<\/div>\n<\/div>\n<\/div>\n<\/div>\n<\/div>\n<\/div>\n<div id=\"cmsmasters_row_69e15a775a4546_09638778\" class=\"cmsmasters_row cmsmasters_color_scheme_default cmsmasters_row_top_default cmsmasters_row_bot_default cmsmasters_row_boxed\">\n<div class=\"cmsmasters_row_outer_parent\">\n<div class=\"cmsmasters_row_outer\">\n<div class=\"cmsmasters_row_inner\">\n<div class=\"cmsmasters_row_margin\">\n<div class=\"cmsmasters_column one_first\">\n\n<div id=\"cmsmasters_heading_69e15a775a5484_49140398\" class=\"cmsmasters_heading_wrap cmsmasters_heading_align_left\">\n\t<h2 class=\"cmsmasters_heading\">Urheber- und Markenrechte<\/h2>\n<\/div><div class=\"cmsmasters_text\">\n<p>Copyright 2003 \u2013 2015 Step up Sprachschule.<br \/>\nS\u00e4mtliche Rechte vorbehalten.<br \/>\nTexte, Bilder, Grafiken, Videos und Animationen auf diesen Webseiten unterliegen dem Schutz des Urheberrechts und anderer Schutzgesetze.<\/p>\n<p>Der Inhalt dieser Website darf nicht zu kommerziellen Zwecken kopiert, verbreitet, ver\u00e4ndert oder Dritten zug\u00e4nglich gemacht werden.<\/p>\n<\/div>\n<\/div>\n<\/div>\n<\/div>\n<\/div>\n<\/div>\n<\/div>\n<div id=\"cmsmasters_row_69e15a775a5b26_96471182\" class=\"cmsmasters_row cmsmasters_color_scheme_default cmsmasters_row_top_default cmsmasters_row_bot_default cmsmasters_row_boxed\">\n<div class=\"cmsmasters_row_outer_parent\">\n<div class=\"cmsmasters_row_outer\">\n<div class=\"cmsmasters_row_inner\">\n<div class=\"cmsmasters_row_margin\">\n<div class=\"cmsmasters_column one_first\">\n\n<div id=\"cmsmasters_heading_69e15a775a6637_28574860\" class=\"cmsmasters_heading_wrap cmsmasters_heading_align_left\">\n\t<h2 class=\"cmsmasters_heading\">Haftungsausschluss<\/h2>\n<\/div><div class=\"cmsmasters_text\">\n<p>Am 12. Mai 1998 hat das Landgericht Hamburg entschieden, dass man durch das Ausbringen von Links unter Umst\u00e4nden die Inhalte der gelinkten Seiten mit zu verantworten hat. Daher distanzieren wir uns ausdr\u00fccklich von allen dort dargestellten Inhalten sowie von den gesamten Links, die auf den von uns gelinkten Seiten publiziert sind und \u00fcbernehmen keine Verantwortung f\u00fcr deren Inhalte. Wir erkl\u00e4ren uns ausschlie\u00dflich f\u00fcr die Webseiten verantwortlich, auf deren Gestaltung und Inhalt wir selbst Einfluss nehmen k\u00f6nnen. Sollten auf irgendeiner Seite illegale Links, Texte oder Downloads zu finden sein, bitten wir um eine sofortige Information, damit wir den betreffenden Link von unserer Seite entfernen k\u00f6nnen.<\/p>\n<\/div>\n<\/div>\n<\/div>\n<\/div>\n<\/div>\n<\/div>\n<\/div>","protected":false},"excerpt":{"rendered":"","protected":false},"author":1,"featured_media":0,"parent":0,"menu_order":0,"comment_status":"closed","ping_status":"closed","template":"","meta":{"footnotes":""},"class_list":["post-6956","page","type-page","status-publish","hentry"],"yoast_head":"<!-- This site is optimized with the Yoast SEO plugin v23.0 - https:\/\/yoast.com\/wordpress\/plugins\/seo\/ -->\n<title>Impressum - Stepup Sprachschule<\/title>\n<meta name=\"robots\" content=\"index, follow, max-snippet:-1, max-image-preview:large, max-video-preview:-1\" \/>\n<link rel=\"canonical\" href=\"https:\/\/stepup-sprachschule.com\/en\/impressum\/\" \/>\n<meta property=\"og:locale\" content=\"en_GB\" \/>\n<meta property=\"og:type\" content=\"article\" \/>\n<meta property=\"og:title\" content=\"Impressum - Stepup Sprachschule\" \/>\n<meta property=\"og:url\" content=\"https:\/\/stepup-sprachschule.com\/en\/impressum\/\" \/>\n<meta property=\"og:site_name\" content=\"Stepup Sprachschule\" \/>\n<meta property=\"article:modified_time\" content=\"2020-02-20T15:50:07+00:00\" \/>\n<meta name=\"twitter:card\" content=\"summary_large_image\" \/>\n<meta name=\"twitter:label1\" content=\"Estimated reading time\" \/>\n\t<meta name=\"twitter:data1\" content=\"2 minutes\" \/>\n<script type=\"application\/ld+json\" class=\"yoast-schema-graph\">{\"@context\":\"https:\/\/schema.org\",\"@graph\":[{\"@type\":\"WebPage\",\"@id\":\"https:\/\/stepup-sprachschule.com\/impressum\/\",\"url\":\"https:\/\/stepup-sprachschule.com\/impressum\/\",\"name\":\"Impressum - Stepup Sprachschule\",\"isPartOf\":{\"@id\":\"https:\/\/stepup-sprachschule.com\/#website\"},\"datePublished\":\"2020-02-20T15:44:56+00:00\",\"dateModified\":\"2020-02-20T15:50:07+00:00\",\"breadcrumb\":{\"@id\":\"https:\/\/stepup-sprachschule.com\/impressum\/#breadcrumb\"},\"inLanguage\":\"en-GB\",\"potentialAction\":[{\"@type\":\"ReadAction\",\"target\":[\"https:\/\/stepup-sprachschule.com\/impressum\/\"]}]},{\"@type\":\"BreadcrumbList\",\"@id\":\"https:\/\/stepup-sprachschule.com\/impressum\/#breadcrumb\",\"itemListElement\":[{\"@type\":\"ListItem\",\"position\":1,\"name\":\"Home\",\"item\":\"https:\/\/stepup-sprachschule.com\/\"},{\"@type\":\"ListItem\",\"position\":2,\"name\":\"Impressum\"}]},{\"@type\":\"WebSite\",\"@id\":\"https:\/\/stepup-sprachschule.com\/#website\",\"url\":\"https:\/\/stepup-sprachschule.com\/\",\"name\":\"Stepup Sprachschule\",\"description\":\"Ihre Sprachschule f\u00fcr effektiven Lernerfolg!\",\"potentialAction\":[{\"@type\":\"SearchAction\",\"target\":{\"@type\":\"EntryPoint\",\"urlTemplate\":\"https:\/\/stepup-sprachschule.com\/?s={search_term_string}\"},\"query-input\":\"required name=search_term_string\"}],\"inLanguage\":\"en-GB\"}]}<\/script>\n<!-- \/ Yoast SEO plugin. -->","yoast_head_json":{"title":"Impressum - Stepup Sprachschule","robots":{"index":"index","follow":"follow","max-snippet":"max-snippet:-1","max-image-preview":"max-image-preview:large","max-video-preview":"max-video-preview:-1"},"canonical":"https:\/\/stepup-sprachschule.com\/en\/impressum\/","og_locale":"en_GB","og_type":"article","og_title":"Impressum - Stepup Sprachschule","og_url":"https:\/\/stepup-sprachschule.com\/en\/impressum\/","og_site_name":"Stepup Sprachschule","article_modified_time":"2020-02-20T15:50:07+00:00","twitter_card":"summary_large_image","twitter_misc":{"Estimated reading time":"2 minutes"},"schema":{"@context":"https:\/\/schema.org","@graph":[{"@type":"WebPage","@id":"https:\/\/stepup-sprachschule.com\/impressum\/","url":"https:\/\/stepup-sprachschule.com\/impressum\/","name":"Impressum - Stepup Sprachschule","isPartOf":{"@id":"https:\/\/stepup-sprachschule.com\/#website"},"datePublished":"2020-02-20T15:44:56+00:00","dateModified":"2020-02-20T15:50:07+00:00","breadcrumb":{"@id":"https:\/\/stepup-sprachschule.com\/impressum\/#breadcrumb"},"inLanguage":"en-GB","potentialAction":[{"@type":"ReadAction","target":["https:\/\/stepup-sprachschule.com\/impressum\/"]}]},{"@type":"BreadcrumbList","@id":"https:\/\/stepup-sprachschule.com\/impressum\/#breadcrumb","itemListElement":[{"@type":"ListItem","position":1,"name":"Home","item":"https:\/\/stepup-sprachschule.com\/"},{"@type":"ListItem","position":2,"name":"Impressum"}]},{"@type":"WebSite","@id":"https:\/\/stepup-sprachschule.com\/#website","url":"https:\/\/stepup-sprachschule.com\/","name":"Stepup Sprachschule","description":"Ihre Sprachschule f\u00fcr effektiven Lernerfolg!","potentialAction":[{"@type":"SearchAction","target":{"@type":"EntryPoint","urlTemplate":"https:\/\/stepup-sprachschule.com\/?s={search_term_string}"},"query-input":"required name=search_term_string"}],"inLanguage":"en-GB"}]}},"_links":{"self":[{"href":"https:\/\/stepup-sprachschule.com\/en\/wp-json\/wp\/v2\/pages\/6956","targetHints":{"allow":["GET"]}}],"collection":[{"href":"https:\/\/stepup-sprachschule.com\/en\/wp-json\/wp\/v2\/pages"}],"about":[{"href":"https:\/\/stepup-sprachschule.com\/en\/wp-json\/wp\/v2\/types\/page"}],"author":[{"embeddable":true,"href":"https:\/\/stepup-sprachschule.com\/en\/wp-json\/wp\/v2\/users\/1"}],"replies":[{"embeddable":true,"href":"https:\/\/stepup-sprachschule.com\/en\/wp-json\/wp\/v2\/comments?post=6956"}],"version-history":[{"count":0,"href":"https:\/\/stepup-sprachschule.com\/en\/wp-json\/wp\/v2\/pages\/6956\/revisions"}],"wp:attachment":[{"href":"https:\/\/stepup-sprachschule.com\/en\/wp-json\/wp\/v2\/media?parent=6956"}],"curies":[{"name":"wp","href":"https:\/\/api.w.org\/{rel}","templated":true}]}}