{"id":6834,"date":"2020-02-20T13:37:30","date_gmt":"2020-02-20T12:37:30","guid":{"rendered":"https:\/\/stepup-sprachschule.com\/\u202f--skip-columns=guid?page_id=6834"},"modified":"2020-11-18T12:23:13","modified_gmt":"2020-11-18T11:23:13","slug":"franzoesisch-lernen","status":"publish","type":"page","link":"https:\/\/stepup-sprachschule.com\/en\/franzoesisch-lernen\/","title":{"rendered":"Learning French"},"content":{"rendered":"<style type=\"text\/css\"> \n#cmsmasters_row_69d4d7923f61f4_23338715 .cmsmasters_row_outer_parent { \n\tpadding-top: 50px; \n} \n\n#cmsmasters_row_69d4d7923f61f4_23338715 .cmsmasters_row_outer_parent { \n\tpadding-bottom: 0px; \n} \n\n \n#cmsmasters_heading_69d4d7923f7703_56108156 { \n\ttext-align:left; \n\tmargin-top:0px; \n\tmargin-bottom:20px; \n} \n\n#cmsmasters_heading_69d4d7923f7703_56108156 .cmsmasters_heading { \n\ttext-align:left; \n} \n\n#cmsmasters_heading_69d4d7923f7703_56108156 .cmsmasters_heading, #cmsmasters_heading_69d4d7923f7703_56108156 .cmsmasters_heading a { \n\tfont-weight:normal; \n\tfont-style:normal; \n} \n\n#cmsmasters_heading_69d4d7923f7703_56108156 .cmsmasters_heading_divider { \n} \n\n \n#cmsmasters_row_69d4d7923f7f84_60414899 .cmsmasters_row_outer_parent { \n\tpadding-top: 0px; \n} \n\n#cmsmasters_row_69d4d7923f7f84_60414899 .cmsmasters_row_outer_parent { \n\tpadding-bottom: 50px; \n} \n\n<\/style><div id=\"cmsmasters_row_69d4d7923f61f4_23338715\" class=\"cmsmasters_row cmsmasters_color_scheme_default cmsmasters_row_top_default cmsmasters_row_bot_default cmsmasters_row_boxed\">\n<div class=\"cmsmasters_row_outer_parent\">\n<div class=\"cmsmasters_row_outer\">\n<div class=\"cmsmasters_row_inner\">\n<div class=\"cmsmasters_row_margin\">\n<div class=\"cmsmasters_column one_first\">\n\n<div id=\"cmsmasters_heading_69d4d7923f7703_56108156\" class=\"cmsmasters_heading_wrap cmsmasters_heading_align_left\">\n\t<h1 class=\"cmsmasters_heading\">Learning French<\/h1>\n<\/div>\n<\/div>\n<\/div>\n<\/div>\n<\/div>\n<\/div>\n<\/div>\n<div id=\"cmsmasters_row_69d4d7923f7f84_60414899\" class=\"cmsmasters_row cmsmasters_color_scheme_default cmsmasters_row_top_default cmsmasters_row_bot_default cmsmasters_row_boxed\">\n<div class=\"cmsmasters_row_outer_parent\">\n<div class=\"cmsmasters_row_outer\">\n<div class=\"cmsmasters_row_inner\">\n<div class=\"cmsmasters_row_margin\">\n<div class=\"cmsmasters_column one_first\">\n<div class=\"cmsmasters_text\">\n<p><strong>Step up offers French courses on the levels A1, A2, B1, B2, C1, and C2.<\/strong><\/p>\n<p>Learn French in dialogue-orientated lessons with native-speaker teachers and speak French right from the start of the course.<\/p>\n<p>&nbsp;<\/p>\n<p><strong>French lessons in groups:<\/strong><\/p>\n<p>In a small group of up to 4 participants you will learn French in active conversation.<br \/>\nThe general and specialised French language programmes are modular in structure.<\/p>\n<p>Qualified native speakers teach you exclusively in French.<br \/>\nA free placement test and corresponding trial lessons are included in our service.<\/p>\n<p>The French courses take place once or twice a week as per course plan.<br \/>\nThe courses start monthly.<\/p>\n<p>&nbsp;<\/p>\n<p><strong>One-to-one French lessons:<\/strong><\/p>\n<p>One-to-one lessons offer the possibility to learn French in a particularly intensive and individual way.<\/p>\n<p>The French learning programme is individually tailored to your objectives.<\/p>\n<ul>\n<li>Start from scratch<\/li>\n<li>Refresh for knowledge of French<\/li>\n<li>Special training in all areas of the French language<\/li>\n<\/ul>\n<p>&nbsp;<\/p>\n<p><strong>Intensive French courses:<\/strong><\/p>\n<p>Intensive courses are recommended if you want to learn or refresh your French in a short time.<br \/>\nIntensive French courses take place with an intensityof 4-6 hours (45 mins each) per day as per course plan.<\/p>\n<\/div>\n<\/div>\n<\/div>\n<\/div>\n<\/div>\n<\/div>\n<\/div>","protected":false},"excerpt":{"rendered":"","protected":false},"author":1,"featured_media":0,"parent":0,"menu_order":0,"comment_status":"closed","ping_status":"closed","template":"","meta":{"footnotes":""},"class_list":["post-6834","page","type-page","status-publish","hentry"],"yoast_head":"<!-- This site is optimized with the Yoast SEO plugin v23.0 - https:\/\/yoast.com\/wordpress\/plugins\/seo\/ -->\n<title>Franz\u00f6sisch lernen - Stepup Sprachschule<\/title>\n<meta name=\"description\" content=\"Step up bietet Franz\u00f6sisch-Unterricht auf den Niveaustufen A1, A2, B1, B2, C1, C2 an.Lernen Sie Franz\u00f6sisch im dialogorientierten Unterricht mit muttersprachlichen Trainern und sprechen Sie Franz\u00f6sisch von Anfang an!\" \/>\n<meta name=\"robots\" content=\"index, follow, max-snippet:-1, max-image-preview:large, max-video-preview:-1\" \/>\n<link rel=\"canonical\" href=\"https:\/\/stepup-sprachschule.com\/en\/franzoesisch-lernen\/\" \/>\n<meta property=\"og:locale\" content=\"en_GB\" \/>\n<meta property=\"og:type\" content=\"article\" \/>\n<meta property=\"og:title\" content=\"Franz\u00f6sisch lernen - Stepup Sprachschule\" \/>\n<meta property=\"og:description\" content=\"Step up bietet Franz\u00f6sisch-Unterricht auf den Niveaustufen A1, A2, B1, B2, C1, C2 an.Lernen Sie Franz\u00f6sisch im dialogorientierten Unterricht mit muttersprachlichen Trainern und sprechen Sie Franz\u00f6sisch von Anfang an!\" \/>\n<meta property=\"og:url\" content=\"https:\/\/stepup-sprachschule.com\/en\/franzoesisch-lernen\/\" \/>\n<meta property=\"og:site_name\" content=\"Stepup Sprachschule\" \/>\n<meta property=\"article:modified_time\" content=\"2020-11-18T11:23:13+00:00\" \/>\n<meta name=\"twitter:card\" content=\"summary_large_image\" \/>\n<meta name=\"twitter:label1\" content=\"Estimated reading time\" \/>\n\t<meta name=\"twitter:data1\" content=\"1 minute\" \/>\n<script type=\"application\/ld+json\" class=\"yoast-schema-graph\">{\"@context\":\"https:\/\/schema.org\",\"@graph\":[{\"@type\":\"WebPage\",\"@id\":\"https:\/\/stepup-sprachschule.com\/franzoesisch-lernen\/\",\"url\":\"https:\/\/stepup-sprachschule.com\/franzoesisch-lernen\/\",\"name\":\"Franz\u00f6sisch lernen - Stepup Sprachschule\",\"isPartOf\":{\"@id\":\"https:\/\/stepup-sprachschule.com\/#website\"},\"datePublished\":\"2020-02-20T12:37:30+00:00\",\"dateModified\":\"2020-11-18T11:23:13+00:00\",\"description\":\"Step up bietet Franz\u00f6sisch-Unterricht auf den Niveaustufen A1, A2, B1, B2, C1, C2 an.Lernen Sie Franz\u00f6sisch im dialogorientierten Unterricht mit muttersprachlichen Trainern und sprechen Sie Franz\u00f6sisch von Anfang an!\",\"breadcrumb\":{\"@id\":\"https:\/\/stepup-sprachschule.com\/franzoesisch-lernen\/#breadcrumb\"},\"inLanguage\":\"en-GB\",\"potentialAction\":[{\"@type\":\"ReadAction\",\"target\":[\"https:\/\/stepup-sprachschule.com\/franzoesisch-lernen\/\"]}]},{\"@type\":\"BreadcrumbList\",\"@id\":\"https:\/\/stepup-sprachschule.com\/franzoesisch-lernen\/#breadcrumb\",\"itemListElement\":[{\"@type\":\"ListItem\",\"position\":1,\"name\":\"Home\",\"item\":\"https:\/\/stepup-sprachschule.com\/\"},{\"@type\":\"ListItem\",\"position\":2,\"name\":\"Franz\u00f6sisch lernen\"}]},{\"@type\":\"WebSite\",\"@id\":\"https:\/\/stepup-sprachschule.com\/#website\",\"url\":\"https:\/\/stepup-sprachschule.com\/\",\"name\":\"Stepup Sprachschule\",\"description\":\"Ihre Sprachschule f\u00fcr effektiven Lernerfolg!\",\"potentialAction\":[{\"@type\":\"SearchAction\",\"target\":{\"@type\":\"EntryPoint\",\"urlTemplate\":\"https:\/\/stepup-sprachschule.com\/?s={search_term_string}\"},\"query-input\":\"required name=search_term_string\"}],\"inLanguage\":\"en-GB\"}]}<\/script>\n<!-- \/ Yoast SEO plugin. -->","yoast_head_json":{"title":"Franz\u00f6sisch lernen - Stepup Sprachschule","description":"Step up bietet Franz\u00f6sisch-Unterricht auf den Niveaustufen A1, A2, B1, B2, C1, C2 an.Lernen Sie Franz\u00f6sisch im dialogorientierten Unterricht mit muttersprachlichen Trainern und sprechen Sie Franz\u00f6sisch von Anfang an!","robots":{"index":"index","follow":"follow","max-snippet":"max-snippet:-1","max-image-preview":"max-image-preview:large","max-video-preview":"max-video-preview:-1"},"canonical":"https:\/\/stepup-sprachschule.com\/en\/franzoesisch-lernen\/","og_locale":"en_GB","og_type":"article","og_title":"Franz\u00f6sisch lernen - Stepup Sprachschule","og_description":"Step up bietet Franz\u00f6sisch-Unterricht auf den Niveaustufen A1, A2, B1, B2, C1, C2 an.Lernen Sie Franz\u00f6sisch im dialogorientierten Unterricht mit muttersprachlichen Trainern und sprechen Sie Franz\u00f6sisch von Anfang an!","og_url":"https:\/\/stepup-sprachschule.com\/en\/franzoesisch-lernen\/","og_site_name":"Stepup Sprachschule","article_modified_time":"2020-11-18T11:23:13+00:00","twitter_card":"summary_large_image","twitter_misc":{"Estimated reading time":"1 minute"},"schema":{"@context":"https:\/\/schema.org","@graph":[{"@type":"WebPage","@id":"https:\/\/stepup-sprachschule.com\/franzoesisch-lernen\/","url":"https:\/\/stepup-sprachschule.com\/franzoesisch-lernen\/","name":"Franz\u00f6sisch lernen - Stepup Sprachschule","isPartOf":{"@id":"https:\/\/stepup-sprachschule.com\/#website"},"datePublished":"2020-02-20T12:37:30+00:00","dateModified":"2020-11-18T11:23:13+00:00","description":"Step up bietet Franz\u00f6sisch-Unterricht auf den Niveaustufen A1, A2, B1, B2, C1, C2 an.Lernen Sie Franz\u00f6sisch im dialogorientierten Unterricht mit muttersprachlichen Trainern und sprechen Sie Franz\u00f6sisch von Anfang an!","breadcrumb":{"@id":"https:\/\/stepup-sprachschule.com\/franzoesisch-lernen\/#breadcrumb"},"inLanguage":"en-GB","potentialAction":[{"@type":"ReadAction","target":["https:\/\/stepup-sprachschule.com\/franzoesisch-lernen\/"]}]},{"@type":"BreadcrumbList","@id":"https:\/\/stepup-sprachschule.com\/franzoesisch-lernen\/#breadcrumb","itemListElement":[{"@type":"ListItem","position":1,"name":"Home","item":"https:\/\/stepup-sprachschule.com\/"},{"@type":"ListItem","position":2,"name":"Franz\u00f6sisch lernen"}]},{"@type":"WebSite","@id":"https:\/\/stepup-sprachschule.com\/#website","url":"https:\/\/stepup-sprachschule.com\/","name":"Stepup Sprachschule","description":"Ihre Sprachschule f\u00fcr effektiven Lernerfolg!","potentialAction":[{"@type":"SearchAction","target":{"@type":"EntryPoint","urlTemplate":"https:\/\/stepup-sprachschule.com\/?s={search_term_string}"},"query-input":"required name=search_term_string"}],"inLanguage":"en-GB"}]}},"_links":{"self":[{"href":"https:\/\/stepup-sprachschule.com\/en\/wp-json\/wp\/v2\/pages\/6834","targetHints":{"allow":["GET"]}}],"collection":[{"href":"https:\/\/stepup-sprachschule.com\/en\/wp-json\/wp\/v2\/pages"}],"about":[{"href":"https:\/\/stepup-sprachschule.com\/en\/wp-json\/wp\/v2\/types\/page"}],"author":[{"embeddable":true,"href":"https:\/\/stepup-sprachschule.com\/en\/wp-json\/wp\/v2\/users\/1"}],"replies":[{"embeddable":true,"href":"https:\/\/stepup-sprachschule.com\/en\/wp-json\/wp\/v2\/comments?post=6834"}],"version-history":[{"count":1,"href":"https:\/\/stepup-sprachschule.com\/en\/wp-json\/wp\/v2\/pages\/6834\/revisions"}],"predecessor-version":[{"id":7098,"href":"https:\/\/stepup-sprachschule.com\/en\/wp-json\/wp\/v2\/pages\/6834\/revisions\/7098"}],"wp:attachment":[{"href":"https:\/\/stepup-sprachschule.com\/en\/wp-json\/wp\/v2\/media?parent=6834"}],"curies":[{"name":"wp","href":"https:\/\/api.w.org\/{rel}","templated":true}]}}