{"id":6763,"date":"2020-02-20T09:50:37","date_gmt":"2020-02-20T08:50:37","guid":{"rendered":"https:\/\/stepup-sprachschule.com\/\u202f--skip-columns=guid?page_id=6763"},"modified":"2020-11-18T12:23:45","modified_gmt":"2020-11-18T11:23:45","slug":"schuelerkurse","status":"publish","type":"page","link":"https:\/\/stepup-sprachschule.com\/en\/schuelerkurse\/","title":{"rendered":"Schoolkids"},"content":{"rendered":"<style type=\"text\/css\"> \n#cmsmasters_row_69e16e17231169_25522984 .cmsmasters_row_outer_parent { \n\tpadding-top: 50px; \n} \n\n#cmsmasters_row_69e16e17231169_25522984 .cmsmasters_row_outer_parent { \n\tpadding-bottom: 30px; \n} \n\n \n#cmsmasters_heading_69e16e17232154_61997402 { \n\ttext-align:left; \n\tmargin-top:0px; \n\tmargin-bottom:0px; \n} \n\n#cmsmasters_heading_69e16e17232154_61997402 .cmsmasters_heading { \n\ttext-align:left; \n} \n\n#cmsmasters_heading_69e16e17232154_61997402 .cmsmasters_heading, #cmsmasters_heading_69e16e17232154_61997402 .cmsmasters_heading a { \n\tfont-weight:normal; \n\tfont-style:normal; \n} \n\n#cmsmasters_heading_69e16e17232154_61997402 .cmsmasters_heading_divider { \n} \n\n \n#cmsmasters_row_69e16e172327c4_84763109 .cmsmasters_row_outer_parent { \n\tpadding-top: 0px; \n} \n\n#cmsmasters_row_69e16e172327c4_84763109 .cmsmasters_row_outer_parent { \n\tpadding-bottom: 0px; \n} \n\n \n#cmsmasters_heading_69e16e17234632_60147265 { \n\ttext-align:left; \n\tmargin-top:0px; \n\tmargin-bottom:20px; \n} \n\n#cmsmasters_heading_69e16e17234632_60147265 .cmsmasters_heading { \n\ttext-align:left; \n} \n\n#cmsmasters_heading_69e16e17234632_60147265 .cmsmasters_heading, #cmsmasters_heading_69e16e17234632_60147265 .cmsmasters_heading a { \n\tfont-weight:normal; \n\tfont-style:normal; \n} \n\n#cmsmasters_heading_69e16e17234632_60147265 .cmsmasters_heading_divider { \n} \n\n #cmsmasters_icon_list_items_69e16e17234929_02782285 { \n\tpadding-left:48px; \n} \n\n#cmsmasters_icon_list_items_69e16e17234929_02782285 .cmsmasters_icon_list_item:before { \n\tfont-size:28px; \n\tleft:-48px; \n} \n#cmsmasters_icon_list_items_69e16e17234929_02782285 .cmsmasters_icon_list_item { \n\tline-height:35px; \n\tpadding:0; \n} \n\n#cmsmasters_icon_list_items_69e16e17234929_02782285 .cmsmasters_icon_list_item:before { \n\tline-height:35px; \n\ttop:0; \n} \n\n.cmsmasters_icon_list_items #cmsmasters_icon_list_item_69e16e17235330_73483954:before { \n\tcolor:#01a2a6;\n} \n\n.cmsmasters_icon_list_items #cmsmasters_icon_list_item_69e16e172355a8_77631878:before { \n\tcolor:#01a2a6;\n} \n\n.cmsmasters_icon_list_items #cmsmasters_icon_list_item_69e16e17235787_48066037:before { \n\tcolor:#01a2a6;\n} \n\n.cmsmasters_icon_list_items #cmsmasters_icon_list_item_69e16e17235945_45258085:before { \n\tcolor:#01a2a6;\n} \n\n.cmsmasters_icon_list_items #cmsmasters_icon_list_item_69e16e17235b31_59909823:before { \n\tcolor:#01a2a6;\n} \n\n.cmsmasters_icon_list_items #cmsmasters_icon_list_item_69e16e17235d90_62912084:before { \n\tcolor:#01a2a6;\n} \n \n#cmsmasters_heading_69e16e17236b19_25786896 { \n\ttext-align:left; \n\tmargin-top:0px; \n\tmargin-bottom:20px; \n} \n\n#cmsmasters_heading_69e16e17236b19_25786896 .cmsmasters_heading { \n\ttext-align:left; \n} \n\n#cmsmasters_heading_69e16e17236b19_25786896 .cmsmasters_heading, #cmsmasters_heading_69e16e17236b19_25786896 .cmsmasters_heading a { \n\tfont-weight:normal; \n\tfont-style:normal; \n} \n\n#cmsmasters_heading_69e16e17236b19_25786896 .cmsmasters_heading_divider { \n} \n\n \n#cmsmasters_heading_69e16e17237975_05688361 { \n\ttext-align:left; \n\tmargin-top:0px; \n\tmargin-bottom:20px; \n} \n\n#cmsmasters_heading_69e16e17237975_05688361 .cmsmasters_heading { \n\ttext-align:left; \n} \n\n#cmsmasters_heading_69e16e17237975_05688361 .cmsmasters_heading, #cmsmasters_heading_69e16e17237975_05688361 .cmsmasters_heading a { \n\tfont-weight:normal; \n\tfont-style:normal; \n} \n\n#cmsmasters_heading_69e16e17237975_05688361 .cmsmasters_heading_divider { \n} \n\n \n#cmsmasters_row_69e16e17238133_70673278 .cmsmasters_row_outer_parent { \n\tpadding-top: 0px; \n} \n\n#cmsmasters_row_69e16e17238133_70673278 .cmsmasters_row_outer_parent { \n\tpadding-bottom: 0px; \n} \n\n \n#cmsmasters_divider_69e16e17238c87_09690030 { \n\tborder-bottom-width:1px; \n\tborder-bottom-style:solid; \n\tpadding-top:50px; \n\tmargin-bottom:50px; \n} \n \n#cmsmasters_row_69e16e17239155_87664856 .cmsmasters_row_outer_parent { \n\tpadding-top: 0px; \n} \n\n#cmsmasters_row_69e16e17239155_87664856 .cmsmasters_row_outer_parent { \n\tpadding-bottom: 50px; \n} \n\n \n#cmsmasters_heading_69e16e1723a888_00119645 { \n\ttext-align:left; \n\tmargin-top:0px; \n\tmargin-bottom:20px; \n} \n\n#cmsmasters_heading_69e16e1723a888_00119645 .cmsmasters_heading { \n\ttext-align:left; \n} \n\n#cmsmasters_heading_69e16e1723a888_00119645 .cmsmasters_heading, #cmsmasters_heading_69e16e1723a888_00119645 .cmsmasters_heading a { \n\tfont-weight:normal; \n\tfont-style:normal; \n} \n\n#cmsmasters_heading_69e16e1723a888_00119645 .cmsmasters_heading_divider { \n} \n\n \n#cmsmasters_heading_69e16e1723b7b1_61769697 { \n\ttext-align:left; \n\tmargin-top:0px; \n\tmargin-bottom:20px; \n} \n\n#cmsmasters_heading_69e16e1723b7b1_61769697 .cmsmasters_heading { \n\ttext-align:left; \n} \n\n#cmsmasters_heading_69e16e1723b7b1_61769697 .cmsmasters_heading, #cmsmasters_heading_69e16e1723b7b1_61769697 .cmsmasters_heading a { \n\tfont-weight:normal; \n\tfont-style:normal; \n} \n\n#cmsmasters_heading_69e16e1723b7b1_61769697 .cmsmasters_heading_divider { \n} \n\n \n#cmsmasters_heading_69e16e1723c500_29202102 { \n\ttext-align:left; \n\tmargin-top:0px; \n\tmargin-bottom:20px; \n} \n\n#cmsmasters_heading_69e16e1723c500_29202102 .cmsmasters_heading { \n\ttext-align:left; \n} \n\n#cmsmasters_heading_69e16e1723c500_29202102 .cmsmasters_heading, #cmsmasters_heading_69e16e1723c500_29202102 .cmsmasters_heading a { \n\tfont-weight:normal; \n\tfont-style:normal; \n} \n\n#cmsmasters_heading_69e16e1723c500_29202102 .cmsmasters_heading_divider { \n} \n\n<\/style><div id=\"cmsmasters_row_69e16e17231169_25522984\" class=\"cmsmasters_row cmsmasters_color_scheme_default cmsmasters_row_top_default cmsmasters_row_bot_default cmsmasters_row_boxed\">\n<div class=\"cmsmasters_row_outer_parent\">\n<div class=\"cmsmasters_row_outer\">\n<div class=\"cmsmasters_row_inner\">\n<div class=\"cmsmasters_row_margin\">\n<div class=\"cmsmasters_column one_first\">\n\n<div id=\"cmsmasters_heading_69e16e17232154_61997402\" class=\"cmsmasters_heading_wrap cmsmasters_heading_align_left\">\n\t<h1 class=\"cmsmasters_heading\">Our courses for pupils and students<\/h1>\n<\/div>\n<\/div>\n<\/div>\n<\/div>\n<\/div>\n<\/div>\n<\/div>\n<div id=\"cmsmasters_row_69e16e172327c4_84763109\" class=\"cmsmasters_row cmsmasters_color_scheme_default cmsmasters_row_top_default cmsmasters_row_bot_default cmsmasters_row_boxed\">\n<div class=\"cmsmasters_row_outer_parent\">\n<div class=\"cmsmasters_row_outer\">\n<div class=\"cmsmasters_row_inner\">\n<div class=\"cmsmasters_row_margin\">\n<div class=\"cmsmasters_column one_third\">\n\n<div id=\"cmsmasters_heading_69e16e17234632_60147265\" class=\"cmsmasters_heading_wrap cmsmasters_heading_align_left\">\n\t<h2 class=\"cmsmasters_heading\">We teach<\/h2>\n<\/div> \n<ul id=\"cmsmasters_icon_list_items_69e16e17234929_02782285\" class=\"cmsmasters_icon_list_items cmsmasters_icon_list_type_list cmsmasters_icon_list_pos_left cmsmasters_color_type_border\"><li id=\"cmsmasters_icon_list_item_69e16e17235330_73483954\" class=\"cmsmasters_icon_list_item cmsmasters-icon-check-1\">English<\/li><li id=\"cmsmasters_icon_list_item_69e16e172355a8_77631878\" class=\"cmsmasters_icon_list_item cmsmasters-icon-check-1\">German<\/li><li id=\"cmsmasters_icon_list_item_69e16e17235787_48066037\" class=\"cmsmasters_icon_list_item cmsmasters-icon-check-1\">French<\/li><li id=\"cmsmasters_icon_list_item_69e16e17235945_45258085\" class=\"cmsmasters_icon_list_item cmsmasters-icon-check-1\">Spanish<\/li><li id=\"cmsmasters_icon_list_item_69e16e17235b31_59909823\" class=\"cmsmasters_icon_list_item cmsmasters-icon-check-1\">Italian<\/li><li id=\"cmsmasters_icon_list_item_69e16e17235d90_62912084\" class=\"cmsmasters_icon_list_item cmsmasters-icon-check-1\">Latin<\/li><\/ul>\n<\/div>\n<div class=\"cmsmasters_column one_third\">\n\n<div id=\"cmsmasters_heading_69e16e17236b19_25786896\" class=\"cmsmasters_heading_wrap cmsmasters_heading_align_left\">\n\t<h2 class=\"cmsmasters_heading\">Special courses for pupils and students<\/h2>\n<\/div><div class=\"cmsmasters_text\">\n<p>Our special language courses for pupils and students are aimed at students in grades 3-12 and offer the opportunity for a practical and lively exploration of the foreign language.<\/p>\n<p>In\u00a0<strong>small groups of 2 - 4 participants and in one-to-one,<\/strong>\u00a0the students study languages in active conversation with their\u00a0<strong>native-speaker teacher.<\/strong>The teaching programme is coordinated with the state curriculum and aims to decisively promote communication skills and teach working techniques.<\/p>\n<p>Lessons are scheduled once a week (Mon-Sat) for 2 hours in Bonn\/Beuel.<\/p>\n<\/div>\n<\/div>\n<div class=\"cmsmasters_column one_third\">\n\n<div id=\"cmsmasters_heading_69e16e17237975_05688361\" class=\"cmsmasters_heading_wrap cmsmasters_heading_align_left\">\n\t<h2 class=\"cmsmasters_heading\">Certificate courses<\/h2>\n<\/div><div class=\"cmsmasters_text\">\n<p>Our certificate courses are special courses for students of the upper secondary school level and prepare them for language tests, which, for example, enable them to study at an international university.<\/p>\n<p>Step up prepares among other things:<\/p>\n<ul>\n<li>Cambridge Certificate of English (First, Advanced)<\/li>\n<\/ul>\n<ul>\n<li>Toefl Test (Test of English as a Foreign Language)<\/li>\n<li>DELF<\/li>\n<\/ul>\n<\/div>\n<\/div>\n<\/div>\n<\/div>\n<\/div>\n<\/div>\n<\/div>\n<div id=\"cmsmasters_row_69e16e17238133_70673278\" class=\"cmsmasters_row cmsmasters_color_scheme_default cmsmasters_row_top_default cmsmasters_row_bot_default cmsmasters_row_boxed\">\n<div class=\"cmsmasters_row_outer_parent\">\n<div class=\"cmsmasters_row_outer\">\n<div class=\"cmsmasters_row_inner\">\n<div class=\"cmsmasters_row_margin\">\n<div class=\"cmsmasters_column one_first\">\n\n<div id=\"cmsmasters_divider_69e16e17238c87_09690030\" class=\"cmsmasters_divider cmsmasters_divider_width_long cmsmasters_divider_pos_center\"><\/div>\n<\/div>\n<\/div>\n<\/div>\n<\/div>\n<\/div>\n<\/div>\n<div id=\"cmsmasters_row_69e16e17239155_87664856\" class=\"cmsmasters_row cmsmasters_color_scheme_default cmsmasters_row_top_default cmsmasters_row_bot_default cmsmasters_row_boxed\">\n<div class=\"cmsmasters_row_outer_parent\">\n<div class=\"cmsmasters_row_outer\">\n<div class=\"cmsmasters_row_inner\">\n<div class=\"cmsmasters_row_margin\">\n<div class=\"cmsmasters_column one_third\">\n\n<div id=\"cmsmasters_heading_69e16e1723a888_00119645\" class=\"cmsmasters_heading_wrap cmsmasters_heading_align_left\">\n\t<h2 class=\"cmsmasters_heading\">Holiday courses for pupils<\/h2>\n<\/div><div class=\"cmsmasters_text\">\n<p>Our holiday courses are suitable for pupils of grades 1 to 13. Based on the state curriculum, we develop the natural and casual use of the foreign language and significantly improve spontaneous communication skills. We also practise writing skills and revise and practise grammar with our students.<\/p>\n<p>During the summer, autumn, and Easter holidays, we offer special intensive courses for the 10th and 12th grades to prepare for the ZAP and the Zentralabitur.<\/p>\n<p>The courses take place during the holidays in NRW and comprise three lessons per day. The courses can be booked on a weekly basis.<\/p>\n<\/div>\n<\/div>\n<div class=\"cmsmasters_column one_third\">\n\n<div id=\"cmsmasters_heading_69e16e1723b7b1_61769697\" class=\"cmsmasters_heading_wrap cmsmasters_heading_align_left\">\n\t<h2 class=\"cmsmasters_heading\">Tutoring for pupils<\/h2>\n<\/div><div class=\"cmsmasters_text\">\n<p>Pupil tutoring offers pupils from the 1st to the 12th\/13th grade the opportunity to quickly and efficiently overcome learning deficits.<\/p>\n<p>In one-to-one lessons or in a mini-group the systematic acquisition, revision and consolidation of all  areas of the foreign language is guaranteed.<\/p>\n<p>Our especially trained teachers respond individually to the weaknesses of the students, so that existing gaps can be closed quickly.<\/p>\n<p>The lessons can be scheduled to suit your preferences.<\/p>\n<\/div>\n<\/div>\n<div class=\"cmsmasters_column one_third\">\n\n<div id=\"cmsmasters_heading_69e16e1723c500_29202102\" class=\"cmsmasters_heading_wrap cmsmasters_heading_align_left\">\n\t<h2 class=\"cmsmasters_heading\">Abitur preparation<\/h2>\n<\/div><div class=\"cmsmasters_text\">\n<p>The Abitur preparation courses are aimed at students in the upper secondary school. In small groups of a maximum of 4 students the important skills for the Abitur examination are revised and practiced. Students can improve their communication skills in dialogue-orientated lessons, and methods of text reception and production are also practised. The teaching programme leads from text classification via the recording of structural features to detailed style analysis of fictional and non-fictional texts. Classes take place twice a week.<\/p>\n<\/div>\n<\/div>\n<\/div>\n<\/div>\n<\/div>\n<\/div>\n<\/div>","protected":false},"excerpt":{"rendered":"","protected":false},"author":1,"featured_media":0,"parent":0,"menu_order":0,"comment_status":"closed","ping_status":"closed","template":"","meta":{"footnotes":""},"class_list":["post-6763","page","type-page","status-publish","hentry"],"yoast_head":"<!-- This site is optimized with the Yoast SEO plugin v23.0 - https:\/\/yoast.com\/wordpress\/plugins\/seo\/ -->\n<title>Sch\u00fclerkurse - Stepup Sprachschule<\/title>\n<meta name=\"description\" content=\"Die Sch\u00fcler-F\u00f6rderkurse richten sich an Sch\u00fcler der 3.-12. Klasse und bieten die M\u00f6glichkeit der praxisnahen und lebendigen Auseinandersetzung mit der Fremdsprache. In\u00a0kleinen Gruppen von 2 - 4 Teilnehmern und Einzelunterricht\u00a0lernen die Sch\u00fcler im aktiven Gespr\u00e4ch mit dem\u00a0muttersprachlichen Lehrer.\" \/>\n<meta name=\"robots\" content=\"index, follow, max-snippet:-1, max-image-preview:large, max-video-preview:-1\" \/>\n<link rel=\"canonical\" href=\"https:\/\/stepup-sprachschule.com\/en\/schuelerkurse\/\" \/>\n<meta property=\"og:locale\" content=\"en_GB\" \/>\n<meta property=\"og:type\" content=\"article\" \/>\n<meta property=\"og:title\" content=\"Sch\u00fclerkurse - Stepup Sprachschule\" \/>\n<meta property=\"og:description\" content=\"Die Sch\u00fcler-F\u00f6rderkurse richten sich an Sch\u00fcler der 3.-12. Klasse und bieten die M\u00f6glichkeit der praxisnahen und lebendigen Auseinandersetzung mit der Fremdsprache. In\u00a0kleinen Gruppen von 2 - 4 Teilnehmern und Einzelunterricht\u00a0lernen die Sch\u00fcler im aktiven Gespr\u00e4ch mit dem\u00a0muttersprachlichen Lehrer.\" \/>\n<meta property=\"og:url\" content=\"https:\/\/stepup-sprachschule.com\/en\/schuelerkurse\/\" \/>\n<meta property=\"og:site_name\" content=\"Stepup Sprachschule\" \/>\n<meta property=\"article:modified_time\" content=\"2020-11-18T11:23:45+00:00\" \/>\n<meta name=\"twitter:card\" content=\"summary_large_image\" \/>\n<meta name=\"twitter:label1\" content=\"Estimated reading time\" \/>\n\t<meta name=\"twitter:data1\" content=\"5 minutes\" \/>\n<script type=\"application\/ld+json\" class=\"yoast-schema-graph\">{\"@context\":\"https:\/\/schema.org\",\"@graph\":[{\"@type\":\"WebPage\",\"@id\":\"https:\/\/stepup-sprachschule.com\/schuelerkurse\/\",\"url\":\"https:\/\/stepup-sprachschule.com\/schuelerkurse\/\",\"name\":\"Sch\u00fclerkurse - Stepup Sprachschule\",\"isPartOf\":{\"@id\":\"https:\/\/stepup-sprachschule.com\/#website\"},\"datePublished\":\"2020-02-20T08:50:37+00:00\",\"dateModified\":\"2020-11-18T11:23:45+00:00\",\"description\":\"Die Sch\u00fcler-F\u00f6rderkurse richten sich an Sch\u00fcler der 3.-12. Klasse und bieten die M\u00f6glichkeit der praxisnahen und lebendigen Auseinandersetzung mit der Fremdsprache. In\u00a0kleinen Gruppen von 2 - 4 Teilnehmern und Einzelunterricht\u00a0lernen die Sch\u00fcler im aktiven Gespr\u00e4ch mit dem\u00a0muttersprachlichen Lehrer.\",\"breadcrumb\":{\"@id\":\"https:\/\/stepup-sprachschule.com\/schuelerkurse\/#breadcrumb\"},\"inLanguage\":\"en-GB\",\"potentialAction\":[{\"@type\":\"ReadAction\",\"target\":[\"https:\/\/stepup-sprachschule.com\/schuelerkurse\/\"]}]},{\"@type\":\"BreadcrumbList\",\"@id\":\"https:\/\/stepup-sprachschule.com\/schuelerkurse\/#breadcrumb\",\"itemListElement\":[{\"@type\":\"ListItem\",\"position\":1,\"name\":\"Home\",\"item\":\"https:\/\/stepup-sprachschule.com\/\"},{\"@type\":\"ListItem\",\"position\":2,\"name\":\"Sch\u00fclerkurse\"}]},{\"@type\":\"WebSite\",\"@id\":\"https:\/\/stepup-sprachschule.com\/#website\",\"url\":\"https:\/\/stepup-sprachschule.com\/\",\"name\":\"Stepup Sprachschule\",\"description\":\"Ihre Sprachschule f\u00fcr effektiven Lernerfolg!\",\"potentialAction\":[{\"@type\":\"SearchAction\",\"target\":{\"@type\":\"EntryPoint\",\"urlTemplate\":\"https:\/\/stepup-sprachschule.com\/?s={search_term_string}\"},\"query-input\":\"required name=search_term_string\"}],\"inLanguage\":\"en-GB\"}]}<\/script>\n<!-- \/ Yoast SEO plugin. -->","yoast_head_json":{"title":"Sch\u00fclerkurse - Stepup Sprachschule","description":"Die Sch\u00fcler-F\u00f6rderkurse richten sich an Sch\u00fcler der 3.-12. Klasse und bieten die M\u00f6glichkeit der praxisnahen und lebendigen Auseinandersetzung mit der Fremdsprache. In\u00a0kleinen Gruppen von 2 - 4 Teilnehmern und Einzelunterricht\u00a0lernen die Sch\u00fcler im aktiven Gespr\u00e4ch mit dem\u00a0muttersprachlichen Lehrer.","robots":{"index":"index","follow":"follow","max-snippet":"max-snippet:-1","max-image-preview":"max-image-preview:large","max-video-preview":"max-video-preview:-1"},"canonical":"https:\/\/stepup-sprachschule.com\/en\/schuelerkurse\/","og_locale":"en_GB","og_type":"article","og_title":"Sch\u00fclerkurse - Stepup Sprachschule","og_description":"Die Sch\u00fcler-F\u00f6rderkurse richten sich an Sch\u00fcler der 3.-12. Klasse und bieten die M\u00f6glichkeit der praxisnahen und lebendigen Auseinandersetzung mit der Fremdsprache. In\u00a0kleinen Gruppen von 2 - 4 Teilnehmern und Einzelunterricht\u00a0lernen die Sch\u00fcler im aktiven Gespr\u00e4ch mit dem\u00a0muttersprachlichen Lehrer.","og_url":"https:\/\/stepup-sprachschule.com\/en\/schuelerkurse\/","og_site_name":"Stepup Sprachschule","article_modified_time":"2020-11-18T11:23:45+00:00","twitter_card":"summary_large_image","twitter_misc":{"Estimated reading time":"5 minutes"},"schema":{"@context":"https:\/\/schema.org","@graph":[{"@type":"WebPage","@id":"https:\/\/stepup-sprachschule.com\/schuelerkurse\/","url":"https:\/\/stepup-sprachschule.com\/schuelerkurse\/","name":"Sch\u00fclerkurse - Stepup Sprachschule","isPartOf":{"@id":"https:\/\/stepup-sprachschule.com\/#website"},"datePublished":"2020-02-20T08:50:37+00:00","dateModified":"2020-11-18T11:23:45+00:00","description":"Die Sch\u00fcler-F\u00f6rderkurse richten sich an Sch\u00fcler der 3.-12. Klasse und bieten die M\u00f6glichkeit der praxisnahen und lebendigen Auseinandersetzung mit der Fremdsprache. In\u00a0kleinen Gruppen von 2 - 4 Teilnehmern und Einzelunterricht\u00a0lernen die Sch\u00fcler im aktiven Gespr\u00e4ch mit dem\u00a0muttersprachlichen Lehrer.","breadcrumb":{"@id":"https:\/\/stepup-sprachschule.com\/schuelerkurse\/#breadcrumb"},"inLanguage":"en-GB","potentialAction":[{"@type":"ReadAction","target":["https:\/\/stepup-sprachschule.com\/schuelerkurse\/"]}]},{"@type":"BreadcrumbList","@id":"https:\/\/stepup-sprachschule.com\/schuelerkurse\/#breadcrumb","itemListElement":[{"@type":"ListItem","position":1,"name":"Home","item":"https:\/\/stepup-sprachschule.com\/"},{"@type":"ListItem","position":2,"name":"Sch\u00fclerkurse"}]},{"@type":"WebSite","@id":"https:\/\/stepup-sprachschule.com\/#website","url":"https:\/\/stepup-sprachschule.com\/","name":"Stepup Sprachschule","description":"Ihre Sprachschule f\u00fcr effektiven Lernerfolg!","potentialAction":[{"@type":"SearchAction","target":{"@type":"EntryPoint","urlTemplate":"https:\/\/stepup-sprachschule.com\/?s={search_term_string}"},"query-input":"required name=search_term_string"}],"inLanguage":"en-GB"}]}},"_links":{"self":[{"href":"https:\/\/stepup-sprachschule.com\/en\/wp-json\/wp\/v2\/pages\/6763","targetHints":{"allow":["GET"]}}],"collection":[{"href":"https:\/\/stepup-sprachschule.com\/en\/wp-json\/wp\/v2\/pages"}],"about":[{"href":"https:\/\/stepup-sprachschule.com\/en\/wp-json\/wp\/v2\/types\/page"}],"author":[{"embeddable":true,"href":"https:\/\/stepup-sprachschule.com\/en\/wp-json\/wp\/v2\/users\/1"}],"replies":[{"embeddable":true,"href":"https:\/\/stepup-sprachschule.com\/en\/wp-json\/wp\/v2\/comments?post=6763"}],"version-history":[{"count":1,"href":"https:\/\/stepup-sprachschule.com\/en\/wp-json\/wp\/v2\/pages\/6763\/revisions"}],"predecessor-version":[{"id":7104,"href":"https:\/\/stepup-sprachschule.com\/en\/wp-json\/wp\/v2\/pages\/6763\/revisions\/7104"}],"wp:attachment":[{"href":"https:\/\/stepup-sprachschule.com\/en\/wp-json\/wp\/v2\/media?parent=6763"}],"curies":[{"name":"wp","href":"https:\/\/api.w.org\/{rel}","templated":true}]}}