{"id":1261,"date":"2015-07-23T14:27:58","date_gmt":"2015-07-23T14:27:58","guid":{"rendered":"http:\/\/medicine-plus.cmsmasters.net\/?page_id=1261"},"modified":"2021-02-18T08:05:05","modified_gmt":"2021-02-18T07:05:05","slug":"kontakt","status":"publish","type":"page","link":"https:\/\/stepup-sprachschule.com\/en\/kontakt\/","title":{"rendered":"Contact us"},"content":{"rendered":"<style type=\"text\/css\"> \n#cmsmasters_row_69d795f8b90800_63614472 .cmsmasters_row_outer_parent { \n\tpadding-top: 70px; \n} \n\n#cmsmasters_row_69d795f8b90800_63614472 .cmsmasters_row_outer_parent { \n\tpadding-bottom: 50px; \n} \n\n \n#cmsmasters_heading_69d795f8b9fd77_82998993 { \n\ttext-align:left; \n\tmargin-top:20px; \n\tmargin-bottom:30px; \n} \n\n#cmsmasters_heading_69d795f8b9fd77_82998993 .cmsmasters_heading { \n\ttext-align:left; \n} \n\n#cmsmasters_heading_69d795f8b9fd77_82998993 .cmsmasters_heading, #cmsmasters_heading_69d795f8b9fd77_82998993 .cmsmasters_heading a { \n\tfont-weight:300; \n\tfont-style:normal; \n} \n\n#cmsmasters_heading_69d795f8b9fd77_82998993 .cmsmasters_heading_divider { \n} \n\n #cmsmasters_icon_list_items_69d795f8ba0240_47563440 { \n\tpadding-left:40px; \n} \n\n#cmsmasters_icon_list_items_69d795f8ba0240_47563440 .cmsmasters_icon_list_item:before { \n\tfont-size:20px; \n\tleft:-40px; \n} \n#cmsmasters_icon_list_items_69d795f8ba0240_47563440 .cmsmasters_icon_list_item { \n\tline-height:35px; \n\tpadding:0; \n} \n\n#cmsmasters_icon_list_items_69d795f8ba0240_47563440 .cmsmasters_icon_list_item:before { \n\tline-height:35px; \n\ttop:0; \n} \n\n.cmsmasters_icon_list_items #cmsmasters_icon_list_item_69d795f8ba0d72_56670497:before { \n\tcolor:#01a2a6;\n} \n\n.cmsmasters_icon_list_items #cmsmasters_icon_list_item_69d795f8ba1006_18141013:before { \n\tcolor:#01a2a6;\n} \n\n.cmsmasters_icon_list_items #cmsmasters_icon_list_item_69d795f8ba11e2_52331281:before { \n\tcolor:#01a2a6;\n} \n\n.cmsmasters_icon_list_items #cmsmasters_icon_list_item_69d795f8ba13b4_37963084:before { \n\tcolor:#01a2a6;\n} \n\n.cmsmasters_icon_list_items #cmsmasters_icon_list_item_69d795f8ba1577_49174996:before { \n\tcolor:#01a2a6;\n} \n \n#cmsmasters_row_69d795f8ba1ba6_54298157 .cmsmasters_row_outer_parent { \n\tpadding-top: 0px; \n} \n\n#cmsmasters_row_69d795f8ba1ba6_54298157 .cmsmasters_row_outer_parent { \n\tpadding-bottom: 50px; \n} \n\n \n#cmsmasters_heading_69d795f8ba3128_00985854 { \n\ttext-align:left; \n\tmargin-top:30px; \n\tmargin-bottom:20px; \n} \n\n#cmsmasters_heading_69d795f8ba3128_00985854 .cmsmasters_heading { \n\ttext-align:left; \n} \n\n#cmsmasters_heading_69d795f8ba3128_00985854 .cmsmasters_heading, #cmsmasters_heading_69d795f8ba3128_00985854 .cmsmasters_heading a { \n\tfont-weight:300; \n\tfont-style:normal; \n} \n\n#cmsmasters_heading_69d795f8ba3128_00985854 .cmsmasters_heading_divider { \n} \n\n \n#cmsmasters_heading_69d795f8ba3678_33321591 { \n\ttext-align:left; \n\tmargin-top:20px; \n\tmargin-bottom:5px; \n} \n\n#cmsmasters_heading_69d795f8ba3678_33321591 .cmsmasters_heading { \n\ttext-align:left; \n} \n\n#cmsmasters_heading_69d795f8ba3678_33321591 .cmsmasters_heading, #cmsmasters_heading_69d795f8ba3678_33321591 .cmsmasters_heading a { \n\tfont-weight:300; \n\tfont-style:normal; \n} \n\n#cmsmasters_heading_69d795f8ba3678_33321591 .cmsmasters_heading_divider { \n} \n\n \n#cmsmasters_heading_69d795f8ba3be0_47579513 { \n\ttext-align:left; \n\tmargin-top:20px; \n\tmargin-bottom:5px; \n} \n\n#cmsmasters_heading_69d795f8ba3be0_47579513 .cmsmasters_heading { \n\ttext-align:left; \n} \n\n#cmsmasters_heading_69d795f8ba3be0_47579513 .cmsmasters_heading, #cmsmasters_heading_69d795f8ba3be0_47579513 .cmsmasters_heading a { \n\tfont-weight:300; \n\tfont-style:normal; \n} \n\n#cmsmasters_heading_69d795f8ba3be0_47579513 .cmsmasters_heading_divider { \n} \n\n<\/style><div id=\"cmsmasters_row_69d795f8b90800_63614472\" class=\"cmsmasters_row cmsmasters_color_scheme_default cmsmasters_row_top_default cmsmasters_row_bot_default cmsmasters_row_boxed\">\n<div class=\"cmsmasters_row_outer_parent\">\n<div class=\"cmsmasters_row_outer\">\n<div class=\"cmsmasters_row_inner\">\n<div class=\"cmsmasters_row_margin\">\n<div class=\"cmsmasters_column two_third\">\n<div role=\"form\" class=\"wpcf7\" id=\"wpcf7-f7120-o1\" lang=\"de-DE\" dir=\"ltr\">\n<div class=\"screen-reader-response\"><p role=\"status\" aria-live=\"polite\" aria-atomic=\"true\"><\/p> <ul><\/ul><\/div>\n<form action=\"\/en\/wp-json\/wp\/v2\/pages\/1261#wpcf7-f7120-o1\" method=\"post\" class=\"wpcf7-form init\" novalidate=\"novalidate\" data-status=\"init\" data-trp-original-action=\"\/en\/wp-json\/wp\/v2\/pages\/1261#wpcf7-f7120-o1\">\n<div style=\"display: none;\">\n<input type=\"hidden\" name=\"_wpcf7\" value=\"7120\" \/>\n<input type=\"hidden\" name=\"_wpcf7_version\" value=\"5.3.2\" \/>\n<input type=\"hidden\" name=\"_wpcf7_locale\" value=\"de_DE\" \/>\n<input type=\"hidden\" name=\"_wpcf7_unit_tag\" value=\"wpcf7-f7120-o1\" \/>\n<input type=\"hidden\" name=\"_wpcf7_container_post\" value=\"0\" \/>\n<input type=\"hidden\" name=\"_wpcf7_posted_data_hash\" value=\"\" \/>\n<\/div>\n<p><label> Ihr Name<br \/>\n    <span class=\"wpcf7-form-control-wrap your-name\"><input type=\"text\" name=\"your-name\" value=\"\" size=\"40\" class=\"wpcf7-form-control wpcf7-text wpcf7-validates-as-required\" aria-required=\"true\" aria-invalid=\"false\" \/><\/span> <\/label><\/p>\n<p><label> Ihre E-Mail-Adresse<br \/>\n    <span class=\"wpcf7-form-control-wrap your-email\"><input type=\"email\" name=\"your-email\" value=\"\" size=\"40\" class=\"wpcf7-form-control wpcf7-text wpcf7-email wpcf7-validates-as-required wpcf7-validates-as-email\" aria-required=\"true\" aria-invalid=\"false\" \/><\/span> <\/label><\/p>\n<p><label> Subject<br \/>\n    <span class=\"wpcf7-form-control-wrap your-subject\"><input type=\"text\" name=\"your-subject\" value=\"\" size=\"40\" class=\"wpcf7-form-control wpcf7-text wpcf7-validates-as-required\" aria-required=\"true\" aria-invalid=\"false\" \/><\/span> <\/label><\/p>\n<p><label> Nachricht<br \/>\n    <span class=\"wpcf7-form-control-wrap your-message\"><textarea name=\"your-message\" cols=\"40\" rows=\"10\" class=\"wpcf7-form-control wpcf7-textarea\" aria-invalid=\"false\"><\/textarea><\/span> <\/label><\/p>\n<p><span class=\"wpcf7-form-control-wrap kc_captcha\" data-name=\"kc_captcha\"><span class=\"wpcf7-form-control wpcf7-radio\"><span class=\"captcha-image\" ><span class=\"cf7ic_instructions\">Please prove you are human by selecting the<span> plane<\/span>.<\/span><label><input aria-label=\"1\" type=\"radio\" name=\"kc_captcha\" value=\"bot\" \/><svg aria-hidden=\"true\" role=\"img\" xmlns=\"http:\/\/www.w3.org\/2000\/svg\" viewbox=\"0 0 576 512\"><path fill=\"currentColor\" d=\"M259 18l-65 132-146 22c-26 3-37 36-18 54l106 103-25 146c-5 26 23 46 46 33l131-68 131 68c23 13 51-7 46-33l-25-146 106-103c19-18 8-51-18-54l-146-22-65-132a32 32 0 00-58 0z\"\/><\/svg><\/label><label><input aria-label=\"2\" type=\"radio\" name=\"kc_captcha\" value=\"bot\" \/><svg aria-hidden=\"true\" role=\"img\" xmlns=\"http:\/\/www.w3.org\/2000\/svg\" viewbox=\"0 0 512 512\"><path fill=\"currentColor\" d=\"M350 99c-54 0-98-35-166-35-25 0-47 4-68 12a56 56 0 004-24C118 24 95 1 66 0a56 56 0 00-34 102v386c0 13 11 24 24 24h16c13 0 24-11 24-24v-94c28-12 64-23 114-23 54 0 98 35 166 35 48 0 86-16 122-41 9-6 14-15 14-26V96c0-23-24-39-45-29-35 16-77 32-117 32z\"\/><\/svg><\/label><label><input aria-label=\"3\" type=\"radio\" name=\"kc_captcha\" value=\"kc_human\" \/><svg aria-hidden=\"true\" role=\"img\" xmlns=\"http:\/\/www.w3.org\/2000\/svg\" viewbox=\"0 0 576 512\"><path fill=\"currentColor\" d=\"M472 200H360L256 6a12 12 0 00-10-6h-58c-8 0-14 7-12 15l34 185H100l-35-58a12 12 0 00-10-6H12c-8 0-13 7-12 14l21 106L0 362c-1 7 4 14 12 14h43c4 0 8-2 10-6l35-58h110l-34 185c-2 8 4 15 12 15h58a12 12 0 0010-6l104-194h112c57 0 104-25 104-56s-47-56-104-56z\"\/><\/svg><\/label>\r\n    <\/span>\r\n    <span style=\"display:none\">\r\n        <input type=\"text\" name=\"kc_honeypot\">\r\n    <\/span><\/span><\/span><\/p>\n<p><input type=\"submit\" value=\"SEND\" class=\"wpcf7-form-control wpcf7-submit\" \/><\/p>\n<div class=\"wpcf7-response-output\" aria-hidden=\"true\"><\/div><input type=\"hidden\" name=\"trp-form-language\" value=\"en\"\/><\/form><\/div>\n<\/div>\n<div class=\"cmsmasters_column one_third\">\n\n<div id=\"cmsmasters_heading_69d795f8b9fd77_82998993\" class=\"cmsmasters_heading_wrap cmsmasters_heading_align_left\">\n\t<h3 class=\"cmsmasters_heading\">Contact us!<\/h3>\n<\/div> \n<ul id=\"cmsmasters_icon_list_items_69d795f8ba0240_47563440\" class=\"cmsmasters_icon_list_items cmsmasters_icon_list_type_list cmsmasters_icon_list_pos_left cmsmasters_color_type_border\"><li id=\"cmsmasters_icon_list_item_69d795f8ba0d72_56670497\" class=\"cmsmasters_icon_list_item cmsmasters-icon-user-female\">Marion Nachtsheim<\/li><li id=\"cmsmasters_icon_list_item_69d795f8ba1006_18141013\" class=\"cmsmasters_icon_list_item cmsmasters-icon-tag-3\">Owner<\/li><li id=\"cmsmasters_icon_list_item_69d795f8ba11e2_52331281\" class=\"cmsmasters_icon_list_item cmsmasters-icon-direction-3\">Konrad-Adenauer-Platz 19, 53225 Bonn<\/li><li id=\"cmsmasters_icon_list_item_69d795f8ba13b4_37963084\" class=\"cmsmasters_icon_list_item cmsmasters-icon-phone-alt\">0228 422 45 94<\/li><li id=\"cmsmasters_icon_list_item_69d795f8ba1577_49174996\" class=\"cmsmasters_icon_list_item cmsmasters-icon-envelope-letter\">info@stepup-sprachschule.com<\/li><\/ul>\n<\/div>\n<\/div>\n<\/div>\n<\/div>\n<\/div>\n<\/div>\n<div id=\"cmsmasters_row_69d795f8ba1ba6_54298157\" class=\"cmsmasters_row cmsmasters_color_scheme_default cmsmasters_row_top_default cmsmasters_row_bot_default cmsmasters_row_boxed\">\n<div class=\"cmsmasters_row_outer_parent\">\n<div class=\"cmsmasters_row_outer\">\n<div class=\"cmsmasters_row_inner\">\n<div class=\"cmsmasters_row_margin\">\n<div class=\"cmsmasters_column one_first\">\n\n<div id=\"cmsmasters_heading_69d795f8ba3128_00985854\" class=\"cmsmasters_heading_wrap cmsmasters_heading_align_left\">\n\t<h3 class=\"cmsmasters_heading\">This is how you can reach our school in Bonn\/Beuel:<\/h3>\n<\/div><div class=\"cmsmasters_text\">\n<p>Step up Sprachschule is located in the heart of Beuel, a district of the city of Bonn. From the city centre of Bonn you can reach us in about 5 minutes on foot, by car or by bus and train. The Step up language school is located in the immediate vicinity of the right bank of the River Rhine.<\/p>\n<\/div>\n\n<div id=\"cmsmasters_heading_69d795f8ba3678_33321591\" class=\"cmsmasters_heading_wrap cmsmasters_heading_align_left\">\n\t<h4 class=\"cmsmasters_heading\">By car<\/h4>\n<\/div><div class=\"cmsmasters_text\">\n<p>Coming from Cologne on the A 559, change from the A 559 to the A 59 via the Porz motorway junction.<\/p>\n<p>Leave the A 59 at the Bonn- Beuel- Ost junction in the direction of the B56 (Beuel\/Hangelar) and change to the B56 (Sankt Augustiner Stra\u00dfe).<\/p>\n<p>At the junction B56\/Adelheidisstra\u00dfe change to Adelheidisstra\u00dfe and drive straight ahead in the direction of Konrad- Adenauer- Platz or Kennedybr\u00fccke.<\/p>\n<p>The school is located directly at Konrad-Adenauer-Platz.<\/p>\n<\/div>\n\n<div id=\"cmsmasters_heading_69d795f8ba3be0_47579513\" class=\"cmsmasters_heading_wrap cmsmasters_heading_align_left\">\n\t<h4 class=\"cmsmasters_heading\">By bus\/train<\/h4>\n<\/div><div class=\"cmsmasters_text\">\n<p>Step up Sprachschule is easily accessible from the entire city of Bonn:<\/p>\n<p>In addition to the&nbsp;<strong>tram line 66<\/strong>&nbsp;(Telekom- Express) and the&nbsp;<strong>tram line 62<\/strong> you can reach us with the <strong>bus lines 163, 550, 606, 607, 608, 609, 640, SB 55<\/strong>.<br \/>\nThe train stop (Konrad-Adenauer-Platz, 53225 Bonn) is about 20 meters walking distance from our language school. The bus stops are also 20 to 50 meters away from our language school.<\/p>\n<\/div>\n<\/div>\n<\/div>\n<\/div>\n<\/div>\n<\/div>\n<\/div>","protected":false},"excerpt":{"rendered":"","protected":false},"author":2,"featured_media":0,"parent":0,"menu_order":0,"comment_status":"closed","ping_status":"open","template":"","meta":{"footnotes":""},"class_list":["post-1261","page","type-page","status-publish","hentry"],"yoast_head":"<!-- This site is optimized with the Yoast SEO plugin v23.0 - https:\/\/yoast.com\/wordpress\/plugins\/seo\/ -->\n<title>Kontakt - Stepup Sprachschule<\/title>\n<meta name=\"description\" content=\"Die Step up Sprachschule liegt im Herzen von Beuel, einem Stadtteil der Stadt Bonn. Von der Bonner City aus sind wir in ca. 5 Minuten gut zu Fu\u00df, mit dem Auto oder Bus und Bahn zu erreichen.\" \/>\n<meta name=\"robots\" content=\"index, follow, max-snippet:-1, max-image-preview:large, max-video-preview:-1\" \/>\n<link rel=\"canonical\" href=\"https:\/\/stepup-sprachschule.com\/en\/kontakt\/\" \/>\n<meta property=\"og:locale\" content=\"en_GB\" \/>\n<meta property=\"og:type\" content=\"article\" \/>\n<meta property=\"og:title\" content=\"Kontakt - Stepup Sprachschule\" \/>\n<meta property=\"og:description\" content=\"Die Step up Sprachschule liegt im Herzen von Beuel, einem Stadtteil der Stadt Bonn. Von der Bonner City aus sind wir in ca. 5 Minuten gut zu Fu\u00df, mit dem Auto oder Bus und Bahn zu erreichen.\" \/>\n<meta property=\"og:url\" content=\"https:\/\/stepup-sprachschule.com\/en\/kontakt\/\" \/>\n<meta property=\"og:site_name\" content=\"Stepup Sprachschule\" \/>\n<meta property=\"article:modified_time\" content=\"2021-02-18T07:05:05+00:00\" \/>\n<meta name=\"twitter:card\" content=\"summary_large_image\" \/>\n<meta name=\"twitter:label1\" content=\"Estimated reading time\" \/>\n\t<meta name=\"twitter:data1\" content=\"2 minutes\" \/>\n<script type=\"application\/ld+json\" class=\"yoast-schema-graph\">{\"@context\":\"https:\/\/schema.org\",\"@graph\":[{\"@type\":\"WebPage\",\"@id\":\"https:\/\/stepup-sprachschule.com\/kontakt\/\",\"url\":\"https:\/\/stepup-sprachschule.com\/kontakt\/\",\"name\":\"Kontakt - Stepup Sprachschule\",\"isPartOf\":{\"@id\":\"https:\/\/stepup-sprachschule.com\/#website\"},\"datePublished\":\"2015-07-23T14:27:58+00:00\",\"dateModified\":\"2021-02-18T07:05:05+00:00\",\"description\":\"Die Step up Sprachschule liegt im Herzen von Beuel, einem Stadtteil der Stadt Bonn. Von der Bonner City aus sind wir in ca. 5 Minuten gut zu Fu\u00df, mit dem Auto oder Bus und Bahn zu erreichen.\",\"breadcrumb\":{\"@id\":\"https:\/\/stepup-sprachschule.com\/kontakt\/#breadcrumb\"},\"inLanguage\":\"en-GB\",\"potentialAction\":[{\"@type\":\"ReadAction\",\"target\":[\"https:\/\/stepup-sprachschule.com\/kontakt\/\"]}]},{\"@type\":\"BreadcrumbList\",\"@id\":\"https:\/\/stepup-sprachschule.com\/kontakt\/#breadcrumb\",\"itemListElement\":[{\"@type\":\"ListItem\",\"position\":1,\"name\":\"Home\",\"item\":\"https:\/\/stepup-sprachschule.com\/\"},{\"@type\":\"ListItem\",\"position\":2,\"name\":\"Kontakt\"}]},{\"@type\":\"WebSite\",\"@id\":\"https:\/\/stepup-sprachschule.com\/#website\",\"url\":\"https:\/\/stepup-sprachschule.com\/\",\"name\":\"Stepup Sprachschule\",\"description\":\"Ihre Sprachschule f\u00fcr effektiven Lernerfolg!\",\"potentialAction\":[{\"@type\":\"SearchAction\",\"target\":{\"@type\":\"EntryPoint\",\"urlTemplate\":\"https:\/\/stepup-sprachschule.com\/?s={search_term_string}\"},\"query-input\":\"required name=search_term_string\"}],\"inLanguage\":\"en-GB\"}]}<\/script>\n<!-- \/ Yoast SEO plugin. -->","yoast_head_json":{"title":"Kontakt - Stepup Sprachschule","description":"Die Step up Sprachschule liegt im Herzen von Beuel, einem Stadtteil der Stadt Bonn. Von der Bonner City aus sind wir in ca. 5 Minuten gut zu Fu\u00df, mit dem Auto oder Bus und Bahn zu erreichen.","robots":{"index":"index","follow":"follow","max-snippet":"max-snippet:-1","max-image-preview":"max-image-preview:large","max-video-preview":"max-video-preview:-1"},"canonical":"https:\/\/stepup-sprachschule.com\/en\/kontakt\/","og_locale":"en_GB","og_type":"article","og_title":"Kontakt - Stepup Sprachschule","og_description":"Die Step up Sprachschule liegt im Herzen von Beuel, einem Stadtteil der Stadt Bonn. Von der Bonner City aus sind wir in ca. 5 Minuten gut zu Fu\u00df, mit dem Auto oder Bus und Bahn zu erreichen.","og_url":"https:\/\/stepup-sprachschule.com\/en\/kontakt\/","og_site_name":"Stepup Sprachschule","article_modified_time":"2021-02-18T07:05:05+00:00","twitter_card":"summary_large_image","twitter_misc":{"Estimated reading time":"2 minutes"},"schema":{"@context":"https:\/\/schema.org","@graph":[{"@type":"WebPage","@id":"https:\/\/stepup-sprachschule.com\/kontakt\/","url":"https:\/\/stepup-sprachschule.com\/kontakt\/","name":"Kontakt - Stepup Sprachschule","isPartOf":{"@id":"https:\/\/stepup-sprachschule.com\/#website"},"datePublished":"2015-07-23T14:27:58+00:00","dateModified":"2021-02-18T07:05:05+00:00","description":"Die Step up Sprachschule liegt im Herzen von Beuel, einem Stadtteil der Stadt Bonn. Von der Bonner City aus sind wir in ca. 5 Minuten gut zu Fu\u00df, mit dem Auto oder Bus und Bahn zu erreichen.","breadcrumb":{"@id":"https:\/\/stepup-sprachschule.com\/kontakt\/#breadcrumb"},"inLanguage":"en-GB","potentialAction":[{"@type":"ReadAction","target":["https:\/\/stepup-sprachschule.com\/kontakt\/"]}]},{"@type":"BreadcrumbList","@id":"https:\/\/stepup-sprachschule.com\/kontakt\/#breadcrumb","itemListElement":[{"@type":"ListItem","position":1,"name":"Home","item":"https:\/\/stepup-sprachschule.com\/"},{"@type":"ListItem","position":2,"name":"Kontakt"}]},{"@type":"WebSite","@id":"https:\/\/stepup-sprachschule.com\/#website","url":"https:\/\/stepup-sprachschule.com\/","name":"Stepup Sprachschule","description":"Ihre Sprachschule f\u00fcr effektiven Lernerfolg!","potentialAction":[{"@type":"SearchAction","target":{"@type":"EntryPoint","urlTemplate":"https:\/\/stepup-sprachschule.com\/?s={search_term_string}"},"query-input":"required name=search_term_string"}],"inLanguage":"en-GB"}]}},"_links":{"self":[{"href":"https:\/\/stepup-sprachschule.com\/en\/wp-json\/wp\/v2\/pages\/1261","targetHints":{"allow":["GET"]}}],"collection":[{"href":"https:\/\/stepup-sprachschule.com\/en\/wp-json\/wp\/v2\/pages"}],"about":[{"href":"https:\/\/stepup-sprachschule.com\/en\/wp-json\/wp\/v2\/types\/page"}],"author":[{"embeddable":true,"href":"https:\/\/stepup-sprachschule.com\/en\/wp-json\/wp\/v2\/users\/2"}],"replies":[{"embeddable":true,"href":"https:\/\/stepup-sprachschule.com\/en\/wp-json\/wp\/v2\/comments?post=1261"}],"version-history":[{"count":3,"href":"https:\/\/stepup-sprachschule.com\/en\/wp-json\/wp\/v2\/pages\/1261\/revisions"}],"predecessor-version":[{"id":7122,"href":"https:\/\/stepup-sprachschule.com\/en\/wp-json\/wp\/v2\/pages\/1261\/revisions\/7122"}],"wp:attachment":[{"href":"https:\/\/stepup-sprachschule.com\/en\/wp-json\/wp\/v2\/media?parent=1261"}],"curies":[{"name":"wp","href":"https:\/\/api.w.org\/{rel}","templated":true}]}}